{"id":13701,"date":"2023-04-27T11:46:29","date_gmt":"2023-04-27T09:46:29","guid":{"rendered":"http:\/\/elem-granvelle-besancon.ac-besancon.fr\/?page_id=13701"},"modified":"2023-04-27T11:46:29","modified_gmt":"2023-04-27T09:46:29","slug":"mentions-legales","status":"publish","type":"page","link":"http:\/\/elem-granvelle-besancon.ac-besancon.fr\/?page_id=13701","title":{"rendered":"Mentions l\u00e9gales"},"content":{"rendered":"<header class=\"entry-header\">\n<h1 class=\"page-entry-title entry-title\">Mentions l\u00e9gales<\/h1>\n<\/header>\n<div class=\"entry-content\">\n<p>\u2013 Responsable l\u00e9gal \u2013 Directeur de la publication :<br \/>\nMme GUILLEMIN Sabine<\/p>\n<p>\u2013 Responsable d\u2019\u00e9dition :<br \/>\nM. EL-HADJ Sofiane<\/p>\n<p>\u2013 Webmaster :<br \/>\nM. EL-HADJ Sofiane<br \/>\nsofiane.el-hadj@ac-besancon.fr<\/p>\n<p>\u2013 H\u00e9bergeur :<br \/>\nDSI<br \/>\nAcad\u00e9mie de Besan\u00e7on<br \/>\n10, rue de la Convention<br \/>\n25030 Besan\u00e7on Cedex<br \/>\nT\u00e9l : 03 81 65 47 00<br \/>\nce.dsi@region-academique-bourgogne-franche-comte.fr<\/p>\n<p>&nbsp;<\/p>\n<h1><strong>Exercer vos droits<\/strong><\/h1>\n<p>Pour toute information ou exercice de vos droits (droit d\u2019acc\u00e8s, de rectification ou d\u2019effacement, droit \u00e0 la limitation du traitement, droit \u00e0 la portabilit\u00e9 des donn\u00e9es et droit d\u2019opposition) sur les traitements de donn\u00e9es personnelles g\u00e9r\u00e9s par ce site, vous pouvez contacter le d\u00e9l\u00e9gu\u00e9\u00a0 acad\u00e9mique \u00e0 la protection des donn\u00e9es (DPD) <a href=\"mailto:ce.dpd@ac-besancon.fr\"><u>par courriel<\/u><\/a> ou par courrier \u00e0\u00a0:<\/p>\n<p>Rectorat de l\u2019acad\u00e9mie Besan\u00e7on<\/p>\n<p>D\u00e9l\u00e9gu\u00e9 \u00e0 la protection des donn\u00e9es<\/p>\n<p>10 rue de la convention \u2013 25030 Besan\u00e7on cedex<\/p>\n<\/div>\n","protected":false},"excerpt":{"rendered":"<p>Mentions l\u00e9gales \u2013 Responsable l\u00e9gal \u2013 Directeur de la publication : Mme GUILLEMIN Sabine \u2013 Responsable d\u2019\u00e9dition : M. EL-HADJ Sofiane \u2013 Webmaster : M. EL-HADJ Sofiane sofiane.el-hadj@ac-besancon.fr \u2013 H\u00e9bergeur : DSI Acad\u00e9mie de Besan\u00e7on 10, rue de la Convention &hellip; <a href=\"http:\/\/elem-granvelle-besancon.ac-besancon.fr\/?page_id=13701\">Continuer la lecture <span class=\"meta-nav\">&rarr;<\/span><\/a><\/p>\n","protected":false},"author":1,"featured_media":0,"parent":0,"menu_order":0,"comment_status":"closed","ping_status":"closed","template":"","meta":{"footnotes":""},"class_list":["post-13701","page","type-page","status-publish","hentry"],"_links":{"self":[{"href":"http:\/\/elem-granvelle-besancon.ac-besancon.fr\/index.php?rest_route=\/wp\/v2\/pages\/13701","targetHints":{"allow":["GET"]}}],"collection":[{"href":"http:\/\/elem-granvelle-besancon.ac-besancon.fr\/index.php?rest_route=\/wp\/v2\/pages"}],"about":[{"href":"http:\/\/elem-granvelle-besancon.ac-besancon.fr\/index.php?rest_route=\/wp\/v2\/types\/page"}],"author":[{"embeddable":true,"href":"http:\/\/elem-granvelle-besancon.ac-besancon.fr\/index.php?rest_route=\/wp\/v2\/users\/1"}],"replies":[{"embeddable":true,"href":"http:\/\/elem-granvelle-besancon.ac-besancon.fr\/index.php?rest_route=%2Fwp%2Fv2%2Fcomments&post=13701"}],"version-history":[{"count":1,"href":"http:\/\/elem-granvelle-besancon.ac-besancon.fr\/index.php?rest_route=\/wp\/v2\/pages\/13701\/revisions"}],"predecessor-version":[{"id":13702,"href":"http:\/\/elem-granvelle-besancon.ac-besancon.fr\/index.php?rest_route=\/wp\/v2\/pages\/13701\/revisions\/13702"}],"wp:attachment":[{"href":"http:\/\/elem-granvelle-besancon.ac-besancon.fr\/index.php?rest_route=%2Fwp%2Fv2%2Fmedia&parent=13701"}],"curies":[{"name":"wp","href":"https:\/\/api.w.org\/{rel}","templated":true}]}}