{"id":13907,"date":"2025-04-03T10:20:19","date_gmt":"2025-04-03T08:20:19","guid":{"rendered":"http:\/\/elem-granvelle-besancon.ac-besancon.fr\/?page_id=13907"},"modified":"2025-11-25T16:56:07","modified_gmt":"2025-11-25T15:56:07","slug":"chorale-2023-2024","status":"publish","type":"page","link":"http:\/\/elem-granvelle-besancon.ac-besancon.fr\/?page_id=13907","title":{"rendered":"Chorale 2025-2026"},"content":{"rendered":"<p>Retrouvez en vid\u00e9o, l&#8217;ensemble des chants que nous travaillerons cette ann\u00e9e <a href=\"https:\/\/edurl.fr\/wsxQnuxW\">ICI.<\/a><\/p>\n<p><a href=\"http:\/\/elem-granvelle-besancon.ac-besancon.fr\/wp-content\/uploads\/sites\/15\/2025\/11\/Madame-nature-Paroles.pdf\">Madame-nature-Paroles<\/a><\/p>\n<p><a href=\"http:\/\/elem-granvelle-besancon.ac-besancon.fr\/wp-content\/uploads\/sites\/15\/2025\/11\/on-en-a-marre-de-noel.pdf\">on en a marre de no\u00ebl<\/a><\/p>\n<p><a href=\"http:\/\/elem-granvelle-besancon.ac-besancon.fr\/wp-content\/uploads\/sites\/15\/2025\/11\/Tante-Airie.pdf\">Tante Airie<\/a><\/p>\n<p><a href=\"http:\/\/elem-granvelle-besancon.ac-besancon.fr\/wp-content\/uploads\/sites\/15\/2025\/11\/Toi-et-moi.pdf\">Toi et moi<\/a><\/p>\n<p><a href=\"http:\/\/elem-granvelle-besancon.ac-besancon.fr\/wp-content\/uploads\/sites\/15\/2025\/11\/Faire-le-tour-du-monde-en-80-jours.pdf\">Faire-le-tour-du-monde-en-80-jours<\/a><\/p>\n<p><a href=\"http:\/\/elem-granvelle-besancon.ac-besancon.fr\/wp-content\/uploads\/sites\/15\/2025\/11\/paroles-love-me-do-1.pdf\">paroles-love-me-do-1<\/a><\/p>\n<p><img loading=\"lazy\" decoding=\"async\" class=\"aligncenter size-large wp-image-16393\" src=\"http:\/\/elem-granvelle-besancon.ac-besancon.fr\/wp-content\/uploads\/sites\/15\/2025\/11\/Chorale-2025-2026-1-1024x681.jpg\" alt=\"\" width=\"584\" height=\"388\" srcset=\"http:\/\/elem-granvelle-besancon.ac-besancon.fr\/wp-content\/uploads\/sites\/15\/2025\/11\/Chorale-2025-2026-1-1024x681.jpg 1024w, http:\/\/elem-granvelle-besancon.ac-besancon.fr\/wp-content\/uploads\/sites\/15\/2025\/11\/Chorale-2025-2026-1-300x200.jpg 300w, http:\/\/elem-granvelle-besancon.ac-besancon.fr\/wp-content\/uploads\/sites\/15\/2025\/11\/Chorale-2025-2026-1-768x511.jpg 768w, http:\/\/elem-granvelle-besancon.ac-besancon.fr\/wp-content\/uploads\/sites\/15\/2025\/11\/Chorale-2025-2026-1-1536x1021.jpg 1536w, http:\/\/elem-granvelle-besancon.ac-besancon.fr\/wp-content\/uploads\/sites\/15\/2025\/11\/Chorale-2025-2026-1-451x300.jpg 451w, http:\/\/elem-granvelle-besancon.ac-besancon.fr\/wp-content\/uploads\/sites\/15\/2025\/11\/Chorale-2025-2026-1-1320x878.jpg 1320w, http:\/\/elem-granvelle-besancon.ac-besancon.fr\/wp-content\/uploads\/sites\/15\/2025\/11\/Chorale-2025-2026-1.jpg 1624w\" sizes=\"auto, (max-width: 584px) 100vw, 584px\" \/><\/p>\n","protected":false},"excerpt":{"rendered":"<p>Retrouvez en vid\u00e9o, l&#8217;ensemble des chants que nous travaillerons cette ann\u00e9e ICI. Madame-nature-Paroles on en a marre de no\u00ebl Tante Airie Toi et moi Faire-le-tour-du-monde-en-80-jours paroles-love-me-do-1<\/p>\n","protected":false},"author":16,"featured_media":0,"parent":0,"menu_order":0,"comment_status":"closed","ping_status":"closed","template":"","meta":{"footnotes":""},"class_list":["post-13907","page","type-page","status-publish","hentry"],"_links":{"self":[{"href":"http:\/\/elem-granvelle-besancon.ac-besancon.fr\/index.php?rest_route=\/wp\/v2\/pages\/13907","targetHints":{"allow":["GET"]}}],"collection":[{"href":"http:\/\/elem-granvelle-besancon.ac-besancon.fr\/index.php?rest_route=\/wp\/v2\/pages"}],"about":[{"href":"http:\/\/elem-granvelle-besancon.ac-besancon.fr\/index.php?rest_route=\/wp\/v2\/types\/page"}],"author":[{"embeddable":true,"href":"http:\/\/elem-granvelle-besancon.ac-besancon.fr\/index.php?rest_route=\/wp\/v2\/users\/16"}],"replies":[{"embeddable":true,"href":"http:\/\/elem-granvelle-besancon.ac-besancon.fr\/index.php?rest_route=%2Fwp%2Fv2%2Fcomments&post=13907"}],"version-history":[{"count":43,"href":"http:\/\/elem-granvelle-besancon.ac-besancon.fr\/index.php?rest_route=\/wp\/v2\/pages\/13907\/revisions"}],"predecessor-version":[{"id":16404,"href":"http:\/\/elem-granvelle-besancon.ac-besancon.fr\/index.php?rest_route=\/wp\/v2\/pages\/13907\/revisions\/16404"}],"wp:attachment":[{"href":"http:\/\/elem-granvelle-besancon.ac-besancon.fr\/index.php?rest_route=%2Fwp%2Fv2%2Fmedia&parent=13907"}],"curies":[{"name":"wp","href":"https:\/\/api.w.org\/{rel}","templated":true}]}}