{"id":16080,"date":"2025-01-28T08:45:34","date_gmt":"2025-01-28T07:45:34","guid":{"rendered":"http:\/\/elem-granvelle-besancon.ac-besancon.fr\/?page_id=16080"},"modified":"2025-01-28T15:12:06","modified_gmt":"2025-01-28T14:12:06","slug":"spectacle-2025","status":"publish","type":"page","link":"http:\/\/elem-granvelle-besancon.ac-besancon.fr\/?page_id=16080","title":{"rendered":"Spectacle 2025 : ULIS-CM2"},"content":{"rendered":"<h2><a href=\"http:\/\/elem-granvelle-besancon.ac-besancon.fr\/wp-content\/uploads\/sites\/15\/2025\/01\/invitation-18h00-mail.pdf\">invitation 18h00<\/a><a href=\"http:\/\/elem-granvelle-besancon.ac-besancon.fr\/wp-content\/uploads\/sites\/15\/2025\/01\/invitation-18h00-mail.pdf\"><img loading=\"lazy\" decoding=\"async\" class=\"aligncenter wp-image-16098 size-full\" src=\"http:\/\/elem-granvelle-besancon.ac-besancon.fr\/wp-content\/uploads\/sites\/15\/2025\/01\/invitation-spectacle.jpg\" alt=\"\" width=\"575\" height=\"811\" srcset=\"http:\/\/elem-granvelle-besancon.ac-besancon.fr\/wp-content\/uploads\/sites\/15\/2025\/01\/invitation-spectacle.jpg 575w, http:\/\/elem-granvelle-besancon.ac-besancon.fr\/wp-content\/uploads\/sites\/15\/2025\/01\/invitation-spectacle-213x300.jpg 213w\" sizes=\"auto, (max-width: 575px) 100vw, 575px\" \/><\/a><\/h2>\n<h2>Les bandes sons pour travailler \u00e0 la maison.<\/h2>\n<p>La Vie :<\/p>\n<!--[if lt IE 9]><script>document.createElement('audio');<\/script><![endif]-->\n<audio class=\"wp-audio-shortcode\" id=\"audio-16080-1\" preload=\"none\" style=\"width: 100%;\" controls=\"controls\"><source type=\"audio\/mpeg\" src=\"http:\/\/elem-granvelle-besancon.ac-besancon.fr\/wp-content\/uploads\/sites\/15\/2025\/01\/1.Chanson-La-Vie.mp3?_=1\" \/><a href=\"http:\/\/elem-granvelle-besancon.ac-besancon.fr\/wp-content\/uploads\/sites\/15\/2025\/01\/1.Chanson-La-Vie.mp3\">http:\/\/elem-granvelle-besancon.ac-besancon.fr\/wp-content\/uploads\/sites\/15\/2025\/01\/1.Chanson-La-Vie.mp3<\/a><\/audio>\n<p>Les Diff\u00e9rences :<\/p>\n<audio class=\"wp-audio-shortcode\" id=\"audio-16080-2\" preload=\"none\" style=\"width: 100%;\" controls=\"controls\"><source type=\"audio\/mpeg\" src=\"http:\/\/elem-granvelle-besancon.ac-besancon.fr\/wp-content\/uploads\/sites\/15\/2025\/01\/2.Chanson-Les-Differences.mp3?_=2\" \/><a href=\"http:\/\/elem-granvelle-besancon.ac-besancon.fr\/wp-content\/uploads\/sites\/15\/2025\/01\/2.Chanson-Les-Differences.mp3\">http:\/\/elem-granvelle-besancon.ac-besancon.fr\/wp-content\/uploads\/sites\/15\/2025\/01\/2.Chanson-Les-Differences.mp3<\/a><\/audio>\n<p>La libert\u00e9 voix en avant :<\/p>\n<audio class=\"wp-audio-shortcode\" id=\"audio-16080-3\" preload=\"none\" style=\"width: 100%;\" controls=\"controls\"><source type=\"audio\/mpeg\" src=\"http:\/\/elem-granvelle-besancon.ac-besancon.fr\/wp-content\/uploads\/sites\/15\/2025\/01\/3.-La-Liberte-voix-en-avant.mp3?_=3\" \/><a href=\"http:\/\/elem-granvelle-besancon.ac-besancon.fr\/wp-content\/uploads\/sites\/15\/2025\/01\/3.-La-Liberte-voix-en-avant.mp3\">http:\/\/elem-granvelle-besancon.ac-besancon.fr\/wp-content\/uploads\/sites\/15\/2025\/01\/3.-La-Liberte-voix-en-avant.mp3<\/a><\/audio>\n<p>La solitude :<\/p>\n<audio class=\"wp-audio-shortcode\" id=\"audio-16080-4\" preload=\"none\" style=\"width: 100%;\" controls=\"controls\"><source type=\"audio\/mpeg\" src=\"http:\/\/elem-granvelle-besancon.ac-besancon.fr\/wp-content\/uploads\/sites\/15\/2025\/01\/4.Chanson-la-Solitude.mp3?_=4\" \/><a href=\"http:\/\/elem-granvelle-besancon.ac-besancon.fr\/wp-content\/uploads\/sites\/15\/2025\/01\/4.Chanson-la-Solitude.mp3\">http:\/\/elem-granvelle-besancon.ac-besancon.fr\/wp-content\/uploads\/sites\/15\/2025\/01\/4.Chanson-la-Solitude.mp3<\/a><\/audio>\n<p>Respect, Tol\u00e9rance :<\/p>\n<audio class=\"wp-audio-shortcode\" id=\"audio-16080-5\" preload=\"none\" style=\"width: 100%;\" controls=\"controls\"><source type=\"audio\/mpeg\" src=\"http:\/\/elem-granvelle-besancon.ac-besancon.fr\/wp-content\/uploads\/sites\/15\/2025\/01\/5.-Chanson-Respect-tolerance.mp3?_=5\" \/><a href=\"http:\/\/elem-granvelle-besancon.ac-besancon.fr\/wp-content\/uploads\/sites\/15\/2025\/01\/5.-Chanson-Respect-tolerance.mp3\">http:\/\/elem-granvelle-besancon.ac-besancon.fr\/wp-content\/uploads\/sites\/15\/2025\/01\/5.-Chanson-Respect-tolerance.mp3<\/a><\/audio>\n<p>Amiti\u00e9 voix piano :<\/p>\n<audio class=\"wp-audio-shortcode\" id=\"audio-16080-6\" preload=\"none\" style=\"width: 100%;\" controls=\"controls\"><source type=\"audio\/mpeg\" src=\"http:\/\/elem-granvelle-besancon.ac-besancon.fr\/wp-content\/uploads\/sites\/15\/2025\/01\/6.-Chanson-amitie-voix-piano.mp3?_=6\" \/><a href=\"http:\/\/elem-granvelle-besancon.ac-besancon.fr\/wp-content\/uploads\/sites\/15\/2025\/01\/6.-Chanson-amitie-voix-piano.mp3\">http:\/\/elem-granvelle-besancon.ac-besancon.fr\/wp-content\/uploads\/sites\/15\/2025\/01\/6.-Chanson-amitie-voix-piano.mp3<\/a><\/audio>\n","protected":false},"excerpt":{"rendered":"<p>invitation 18h00 Les bandes sons pour travailler \u00e0 la maison. La Vie : Les Diff\u00e9rences : La libert\u00e9 voix en avant : La solitude : Respect, Tol\u00e9rance : Amiti\u00e9 voix piano :<\/p>\n","protected":false},"author":16,"featured_media":0,"parent":0,"menu_order":0,"comment_status":"closed","ping_status":"closed","template":"","meta":{"footnotes":""},"class_list":["post-16080","page","type-page","status-publish","hentry"],"_links":{"self":[{"href":"http:\/\/elem-granvelle-besancon.ac-besancon.fr\/index.php?rest_route=\/wp\/v2\/pages\/16080","targetHints":{"allow":["GET"]}}],"collection":[{"href":"http:\/\/elem-granvelle-besancon.ac-besancon.fr\/index.php?rest_route=\/wp\/v2\/pages"}],"about":[{"href":"http:\/\/elem-granvelle-besancon.ac-besancon.fr\/index.php?rest_route=\/wp\/v2\/types\/page"}],"author":[{"embeddable":true,"href":"http:\/\/elem-granvelle-besancon.ac-besancon.fr\/index.php?rest_route=\/wp\/v2\/users\/16"}],"replies":[{"embeddable":true,"href":"http:\/\/elem-granvelle-besancon.ac-besancon.fr\/index.php?rest_route=%2Fwp%2Fv2%2Fcomments&post=16080"}],"version-history":[{"count":5,"href":"http:\/\/elem-granvelle-besancon.ac-besancon.fr\/index.php?rest_route=\/wp\/v2\/pages\/16080\/revisions"}],"predecessor-version":[{"id":16099,"href":"http:\/\/elem-granvelle-besancon.ac-besancon.fr\/index.php?rest_route=\/wp\/v2\/pages\/16080\/revisions\/16099"}],"wp:attachment":[{"href":"http:\/\/elem-granvelle-besancon.ac-besancon.fr\/index.php?rest_route=%2Fwp%2Fv2%2Fmedia&parent=16080"}],"curies":[{"name":"wp","href":"https:\/\/api.w.org\/{rel}","templated":true}]}}