{"id":1831,"date":"2020-04-10T16:50:27","date_gmt":"2020-04-10T14:50:27","guid":{"rendered":"http:\/\/wpecole.ac-besancon.fr\/?page_id=5"},"modified":"2021-08-27T15:37:22","modified_gmt":"2021-08-27T13:37:22","slug":"accueil","status":"publish","type":"page","link":"http:\/\/elem-granvelle-besancon.ac-besancon.fr\/?page_id=1831","title":{"rendered":"BIENVENUE A L&#8217;ECOLE GRANVELLE\u202f!"},"content":{"rendered":"<p><img loading=\"lazy\" decoding=\"async\" class=\"aligncenter wp-image-5683 size-large\" src=\"http:\/\/elem-granvelle-besancon.ac-besancon.fr\/wp-content\/uploads\/sites\/15\/2020\/04\/ECOLE-GRANVELLE-PAGE-ACCUEIL-SITE-1024x576.jpg\" alt=\"\" width=\"584\" height=\"329\" srcset=\"http:\/\/elem-granvelle-besancon.ac-besancon.fr\/wp-content\/uploads\/sites\/15\/2020\/04\/ECOLE-GRANVELLE-PAGE-ACCUEIL-SITE-1024x576.jpg 1024w, http:\/\/elem-granvelle-besancon.ac-besancon.fr\/wp-content\/uploads\/sites\/15\/2020\/04\/ECOLE-GRANVELLE-PAGE-ACCUEIL-SITE-300x169.jpg 300w, http:\/\/elem-granvelle-besancon.ac-besancon.fr\/wp-content\/uploads\/sites\/15\/2020\/04\/ECOLE-GRANVELLE-PAGE-ACCUEIL-SITE-768x432.jpg 768w, http:\/\/elem-granvelle-besancon.ac-besancon.fr\/wp-content\/uploads\/sites\/15\/2020\/04\/ECOLE-GRANVELLE-PAGE-ACCUEIL-SITE-500x281.jpg 500w, http:\/\/elem-granvelle-besancon.ac-besancon.fr\/wp-content\/uploads\/sites\/15\/2020\/04\/ECOLE-GRANVELLE-PAGE-ACCUEIL-SITE.jpg 1280w\" sizes=\"auto, (max-width: 584px) 100vw, 584px\" \/><\/p>\n<p><span style=\"color: #800000\"><strong>Bienvenue sur le site de l&#8217;\u00e9cole \u00e9l\u00e9mentaire Granvelle<\/strong><\/span><\/p>\n<p><span style=\"color: #800080\"><strong>Vous trouverez des informations diverses sur l\u2019\u00e9cole, suivez les menus.<\/strong><\/span><\/p>\n<p style=\"text-align: left\"><span style=\"color: #800080\"><strong>Il est possible de nous contacter par l\u2019interm\u00e9diaire d\u2019un formulaire dans le menu<\/strong><\/span><\/p>\n<p style=\"text-align: left\"><span style=\"color: #800080\"><strong>concern\u00e9.<\/strong><\/span><\/p>\n<hr \/>\n<p><span style=\"color: #333300\"><strong>T\u00e9l\u00e9phone:<\/strong><\/span> <strong>\u00a0<\/strong><strong>\u00a0<a href=\"https:\/\/www.google.com\/search?q=ecole+elementaire+granvelle+besancon&amp;rlz=1C1CHBF_frFR877FR877&amp;oq=ecoleelementaire+granvelle&amp;aqs=chrome.1.69i57j0l4.10443j0j8&amp;sourceid=chrome&amp;ie=UTF-8#\">03.81.81.27.07.\u00a0<\/a> \u00a0<\/strong><\/p>\n<p><span style=\"color: #000080\"><strong>Courriel: <a href=\"mailto:ecolegranvelle@gmail.com\">ecole.granvelle.besancon@ac-besancon.fr<\/a><\/strong><\/span><\/p>\n<hr \/>\n<p>&nbsp;<\/p>\n<p>&nbsp;<\/p>\n<h2 style=\"text-align: left\"><\/h2>\n<p>&nbsp;<\/p>\n","protected":false},"excerpt":{"rendered":"<p>Bienvenue sur le site de l&#8217;\u00e9cole \u00e9l\u00e9mentaire Granvelle Vous trouverez des informations diverses sur l\u2019\u00e9cole, suivez les menus. Il est possible de nous contacter par l\u2019interm\u00e9diaire d\u2019un formulaire dans le menu concern\u00e9. T\u00e9l\u00e9phone: \u00a0\u00a003.81.81.27.07.\u00a0 \u00a0 Courriel: ecole.granvelle.besancon@ac-besancon.fr &nbsp; &nbsp; &nbsp;<\/p>\n","protected":false},"author":16,"featured_media":2663,"parent":0,"menu_order":0,"comment_status":"closed","ping_status":"closed","template":"showcase.php","meta":{"footnotes":""},"class_list":["post-1831","page","type-page","status-publish","has-post-thumbnail","hentry"],"_links":{"self":[{"href":"http:\/\/elem-granvelle-besancon.ac-besancon.fr\/index.php?rest_route=\/wp\/v2\/pages\/1831","targetHints":{"allow":["GET"]}}],"collection":[{"href":"http:\/\/elem-granvelle-besancon.ac-besancon.fr\/index.php?rest_route=\/wp\/v2\/pages"}],"about":[{"href":"http:\/\/elem-granvelle-besancon.ac-besancon.fr\/index.php?rest_route=\/wp\/v2\/types\/page"}],"author":[{"embeddable":true,"href":"http:\/\/elem-granvelle-besancon.ac-besancon.fr\/index.php?rest_route=\/wp\/v2\/users\/16"}],"replies":[{"embeddable":true,"href":"http:\/\/elem-granvelle-besancon.ac-besancon.fr\/index.php?rest_route=%2Fwp%2Fv2%2Fcomments&post=1831"}],"version-history":[{"count":18,"href":"http:\/\/elem-granvelle-besancon.ac-besancon.fr\/index.php?rest_route=\/wp\/v2\/pages\/1831\/revisions"}],"predecessor-version":[{"id":11533,"href":"http:\/\/elem-granvelle-besancon.ac-besancon.fr\/index.php?rest_route=\/wp\/v2\/pages\/1831\/revisions\/11533"}],"wp:featuredmedia":[{"embeddable":true,"href":"http:\/\/elem-granvelle-besancon.ac-besancon.fr\/index.php?rest_route=\/wp\/v2\/media\/2663"}],"wp:attachment":[{"href":"http:\/\/elem-granvelle-besancon.ac-besancon.fr\/index.php?rest_route=%2Fwp%2Fv2%2Fmedia&parent=1831"}],"curies":[{"name":"wp","href":"https:\/\/api.w.org\/{rel}","templated":true}]}}